{"id":143,"date":"2023-08-07T17:33:07","date_gmt":"2023-08-07T20:33:07","guid":{"rendered":"https:\/\/www.kti.inf.br\/web\/143-2\/"},"modified":"2023-08-11T12:37:46","modified_gmt":"2023-08-11T15:37:46","slug":"143-2","status":"publish","type":"page","link":"https:\/\/www.kti.inf.br\/web\/143-2\/","title":{"rendered":"Ativos de TI"},"content":{"rendered":"\n    \n    <section class=\"skrollable u-align-center u-clearfix u-image u-parallax u-shading u-section-2\" src=\"\" data-image-width=\"1920\" data-image-height=\"1280\" id=\"sec-2f6e\" style=\"background-image: linear-gradient(0deg, rgba(0, 0, 0, 0.4), rgba(0, 0, 0, 0.4)), url(&quot;https:\/\/www.kti.inf.br\/web\/wp-content\/uploads\/2023\/08\/daniel-lezuch-I4DcRJ_Evd8-unsplash-2.jpg&quot;);\">\n      <div class=\"u-clearfix u-sheet u-valign-middle u-sheet-1\">\n        <h1 class=\"u-text u-text-default u-title u-text-1\"> Servi\u00e7os na \u00e1rea de T.I.<\/h1>\n      <\/div>\n    <\/section>\n    <section class=\"u-clearfix u-section-3\" id=\"sec-122d\">\n      <div class=\"u-clearfix u-sheet u-valign-middle u-sheet-1\">\n        <p class=\"u-text u-text-1\">Com nossa equipe especializada em manuten\u00e7\u00e3o de equipamentos de T.I, voc\u00ea nunca mais precisar\u00e1 se preocupar com tempo de inatividade ou problemas t\u00e9cnicos. Nossa equipe est\u00e1 pronta para agir de forma r\u00e1pida e eficiente, garantindo que seus sistemas estejam sempre em pleno funcionamento.<br>\n          <br>&nbsp;Desde computadores, Notebooks, Nobreak, Projetores e at\u00e9 mesmo suas pr\u00f3prias impressoras&nbsp; cuidamos de toda a sua infraestrutura tecnol\u00f3gica. Realizamos manuten\u00e7\u00f5es preventivas para evitar problemas antes que eles ocorram e corretivas com agilidade para restabelecer o funcionamento rapidamente.\n        <\/p>\n      <\/div>\n    <\/section>\n    <section class=\"u-clearfix u-grey-5 u-section-4\" id=\"sec-1d7a\">\n      <div class=\"u-clearfix u-sheet u-sheet-1\">\n        <div class=\"u-expanded-width u-list u-list-1\">\n          <div class=\"u-repeater u-repeater-1\">\n            <div class=\"u-container-style u-list-item u-repeater-item\">\n              <div class=\"u-container-layout u-similar-container u-container-layout-1\">\n                <img decoding=\"async\" alt=\"\" class=\"u-image u-image-default u-image-1\" data-image-width=\"2560\" data-image-height=\"1707\" src=\"https:\/\/www.kti.inf.br\/web\/wp-content\/uploads\/2023\/08\/10-modelos-de-impressoras-para-alugar-e-otimizar-tarefas-do-dia-a-dia-1.jpg\">\n                <h3 class=\"u-align-center u-text u-text-1\">Impressoras<\/h3>\n                <p class=\"u-text u-text-2\"> A K.T.I \u00e9 especializada em manuten\u00e7\u00e3o de impressoras de diversas marcas e modelos, com equipe qualificada e solu\u00e7\u00f5es personalizadas. Efici\u00eancia, profissionalismo e alta qualidade s\u00e3o suas marcas registradas.<\/p>\n              <\/div>\n            <\/div>\n            <div class=\"u-container-style u-list-item u-repeater-item\">\n              <div class=\"u-container-layout u-similar-container u-container-layout-2\">\n                <img decoding=\"async\" alt=\"\" class=\"u-image u-image-default u-image-2\" data-image-width=\"1920\" data-image-height=\"1280\" src=\"https:\/\/www.kti.inf.br\/web\/wp-content\/uploads\/2023\/08\/nathan-anderson-KHSPGJ3zP0M-unsplash1.jpg\">\n                <h3 class=\"u-align-center u-text u-text-3\">Computadores<\/h3>\n                <p class=\"u-text u-text-4\">Com foco na efici\u00eancia e na qualidade, a K.T.I visa garantir que os computadores e notebooks dos seus clientes funcionem de forma confi\u00e1vel e produtiva. Seja para usu\u00e1rios dom\u00e9sticos ou empresas, a KTI \u00e9 a escolha ideal para manter os equipamentos em \u00f3timo estado&nbsp;<\/p>\n              <\/div>\n            <\/div>\n            <div class=\"u-container-style u-list-item u-repeater-item\">\n              <div class=\"u-container-layout u-similar-container u-container-layout-3\">\n                <img decoding=\"async\" alt=\"\" class=\"u-image u-image-default u-image-3\" data-image-width=\"800\" data-image-height=\"461\" src=\"https:\/\/www.kti.inf.br\/web\/wp-content\/uploads\/2023\/08\/imagem-projetor-ligado.webp\">\n                <h3 class=\"u-align-center u-text u-text-5\">Projetores<\/h3>\n                <p class=\"u-text u-text-6\"> Oferecemos servi\u00e7os de manuten\u00e7\u00e3o em projetores e nobreaks, com equipe qualificada e tecnologia avan\u00e7ada para garantir desempenho m\u00e1ximo e confiabilidade. Atendemos a diversas marcas e modelos, com foco na satisfa\u00e7\u00e3o do cliente.<\/p>\n              <\/div>\n            <\/div>\n          <\/div>\n        <\/div>\n      <\/div>\n    <\/section>\n    <section class=\"u-align-center u-clearfix u-section-5\" id=\"sec-205a\">\n      <div class=\"u-clearfix u-sheet u-sheet-1\">\n        <h1 class=\"u-text u-text-1\">Contrato de manuten\u00e7\u00e3o em ativas de T.I<\/h1>\n        <p class=\"u-text u-text-2\"> O contrato inclui manuten\u00e7\u00e3o preventiva e corretiva de equipamentos como computadores, notebooks, impressoras, roteadores, switches, nobreaks e outros dispositivos cr\u00edticos de infraestrutura.&nbsp;<br>\n          <br>Nossa equipe altamente qualificada realiza verifica\u00e7\u00f5es regulares, atualiza\u00e7\u00f5es de software e firmware, limpeza e ajustes para prevenir problemas e aumentar a vida \u00fatil dos ativos.<br>\n          <br>Al\u00e9m disso, os clientes podem contar com suporte t\u00e9cnico remoto para solucionar quaisquer quest\u00f5es emergenciais, minimizando o tempo de interrup\u00e7\u00f5es no fluxo de trabalho.\n        <\/p>\n        <a href=\"https:\/\/wa.me\/5547988736368?text=Ol%C3%A1%21+gostaria+de+saber+mais+sobre+o+contrato+de+manuten%C3%A7%C3%A3o+para+ativas+de+TI\" class=\"u-btn u-btn-round u-button-style u-color-scheme-summer-time u-hover-feature u-hover-palette-1-dark-1 u-radius-50 u-palette-1-base u-btn-1\" target=\"_blank\">Saiba mais!<\/a>\n      <\/div>\n      \n    <\/section>\n    \n    \n    \n    \n  \n","protected":false},"excerpt":{"rendered":"<p>Servi\u00e7os na \u00e1rea de T.I. Com nossa equipe especializada em manuten\u00e7\u00e3o de equipamentos de T.I, voc\u00ea nunca mais precisar\u00e1 se preocupar com tempo de inatividade ou problemas t\u00e9cnicos. Nossa equipe est\u00e1 pronta para agir de forma r\u00e1pida e eficiente, garantindo que seus sistemas estejam sempre em pleno funcionamento. &nbsp;Desde computadores, Notebooks, Nobreak, Projetores e at\u00e9 &hellip; <a href=\"https:\/\/www.kti.inf.br\/web\/143-2\/\" class=\"more-link\">Continue reading<span class=\"screen-reader-text\"> &#8220;Ativos de TI&#8221;<\/span><\/a><\/p>\n","protected":false},"author":1,"featured_media":0,"parent":0,"menu_order":0,"comment_status":"closed","ping_status":"closed","template":"","meta":{"_bbp_topic_count":0,"_bbp_reply_count":0,"_bbp_total_topic_count":0,"_bbp_total_reply_count":0,"_bbp_voice_count":0,"_bbp_anonymous_reply_count":0,"_bbp_topic_count_hidden":0,"_bbp_reply_count_hidden":0,"_bbp_forum_subforum_count":0,"footnotes":""},"class_list":["post-143","page","type-page","status-publish","hentry"],"_links":{"self":[{"href":"https:\/\/www.kti.inf.br\/web\/wp-json\/wp\/v2\/pages\/143","targetHints":{"allow":["GET"]}}],"collection":[{"href":"https:\/\/www.kti.inf.br\/web\/wp-json\/wp\/v2\/pages"}],"about":[{"href":"https:\/\/www.kti.inf.br\/web\/wp-json\/wp\/v2\/types\/page"}],"author":[{"embeddable":true,"href":"https:\/\/www.kti.inf.br\/web\/wp-json\/wp\/v2\/users\/1"}],"replies":[{"embeddable":true,"href":"https:\/\/www.kti.inf.br\/web\/wp-json\/wp\/v2\/comments?post=143"}],"version-history":[{"count":9,"href":"https:\/\/www.kti.inf.br\/web\/wp-json\/wp\/v2\/pages\/143\/revisions"}],"predecessor-version":[{"id":181,"href":"https:\/\/www.kti.inf.br\/web\/wp-json\/wp\/v2\/pages\/143\/revisions\/181"}],"wp:attachment":[{"href":"https:\/\/www.kti.inf.br\/web\/wp-json\/wp\/v2\/media?parent=143"}],"curies":[{"name":"wp","href":"https:\/\/api.w.org\/{rel}","templated":true}]}}